{"id":4619,"date":"2014-01-17T19:06:47","date_gmt":"2014-01-17T19:06:47","guid":{"rendered":"https:\/\/www.pardell.it\/tschars-umgebung\/page-builder\/"},"modified":"2024-12-10T13:26:28","modified_gmt":"2024-12-10T12:26:28","slug":"castello-juval","status":"publish","type":"page","link":"https:\/\/www.pardell.it\/it\/ciardes-e-dintorni\/castello-juval\/","title":{"rendered":"Castello Juval"},"content":{"rendered":"[vc_row type=&#8221;in_container&#8221; full_screen_row_position=&#8221;middle&#8221; column_margin=&#8221;default&#8221; column_direction=&#8221;default&#8221; column_direction_tablet=&#8221;default&#8221; column_direction_phone=&#8221;default&#8221; scene_position=&#8221;center&#8221; text_color=&#8221;dark&#8221; text_align=&#8221;left&#8221; row_border_radius=&#8221;none&#8221; row_border_radius_applies=&#8221;bg&#8221; overflow=&#8221;visible&#8221; overlay_strength=&#8221;0.3&#8243; gradient_direction=&#8221;left_to_right&#8221; shape_divider_position=&#8221;bottom&#8221; bg_image_animation=&#8221;none&#8221;][vc_column column_padding=&#8221;no-extra-padding&#8221; column_padding_tablet=&#8221;inherit&#8221; column_padding_phone=&#8221;inherit&#8221; column_padding_position=&#8221;all&#8221; column_element_direction_desktop=&#8221;default&#8221; column_element_spacing=&#8221;default&#8221; desktop_text_alignment=&#8221;default&#8221; tablet_text_alignment=&#8221;default&#8221; phone_text_alignment=&#8221;default&#8221; background_color_opacity=&#8221;1&#8243; background_hover_color_opacity=&#8221;1&#8243; column_backdrop_filter=&#8221;none&#8221; column_shadow=&#8221;none&#8221; column_border_radius=&#8221;none&#8221; column_link_target=&#8221;_self&#8221; column_position=&#8221;default&#8221; gradient_direction=&#8221;left_to_right&#8221; overlay_strength=&#8221;0.3&#8243; width=&#8221;1\/1&#8243; tablet_width_inherit=&#8221;default&#8221; animation_type=&#8221;default&#8221; bg_image_animation=&#8221;none&#8221; border_type=&#8221;simple&#8221; column_border_width=&#8221;none&#8221; column_border_style=&#8221;solid&#8221;][vc_column_text css=&#8221;&#8221; text_direction=&#8221;default&#8221;]\n<div id=\"post\" class=\"page\">\n[divider line_type=&#8221;No Line&#8221; custom_height=&#8221;50&#8243;]\n<h1>MessnerMountainMuseum<\/h1>\n<h2>La residenza estiva di Reinhold Messner<\/h2>\n[divider line_type=&#8221;No Line&#8221; custom_height=&#8221;30&#8243;]\n<p>Il castello sorge sopra l\u2019entrata della Val Senales, (costruito nel 1278) ed \u00e8 dal 1983 la residenza di Reinhold Messner: Nel maniero trova spazio il museo che Messner ha voluto dedicare al mito della montagna e che fa parte del progetto museale \u201eMessner Mountain Museum\u201c. Il museo custodisce una raccolta di dipinti con vedute delle grandi montagne sacre, una preziosa collezione di cimeli tibetani, maschere provenienti dai cinque continenti, la stanza Tantra ed in cantina gli equipaggiamenti delle spedizioni del grande alpinista.<br \/>\nCastel Juval, i cui visitatori sono assistiti da guide esperte, rappresenta un importante arricchimento per il turismo culturale della Val Venosta. Combinandola con una passeggiata lungo la roggia che dalla val Senales (Altrateis) si sviluppa fino a Ciardes, la visita al castello diventa il culmine di una escursione sul colle di Juval, che comprende anche il maso vinicolo \u201eUnterortl\u201c, il maso agricolo biologico \u201eOberortl\u201c con la sua osteria \u201eSchlosswirt\u201c che offre prevalentemente i prodotti della propria terra. Intorno al castello potete esplorare il percorso botanico accessibile liberamente.<\/p>\n<p><strong>Orario d\u00b4apertura Castello Juval:<\/strong><\/p>\n<ul>\n<li>dalla domenica delle Palme alla prima domenica di novembre, da gioved\u00ec a marted\u00ec, dalle ore 10 alle 16, solo visite guidate. Mercoled\u00ec giorno di riposo.<\/li>\n<li>per motivi ecologici i visitatori sono invitati a raggiungere il castello a piedi (Sentieri dell\u2019 acqua \u2013 da Ciardes al Castel Juval ca. 1,5 ore) o utilizzando il pulmino navetta che parte al parcheggio del albergo \u201eSchnalserhof\u201c all\u2019 entrata della Val Senales (5 minuti di auto da Ciardes).<\/li>\n<\/ul>\n<\/div>\n[\/vc_column_text][\/vc_column][\/vc_row]","protected":false},"excerpt":{"rendered":"<p>[vc_row type=&#8221;in_container&#8221; full_screen_row_position=&#8221;middle&#8221; column_margin=&#8221;default&#8221; column_direction=&#8221;default&#8221; column_direction_tablet=&#8221;default&#8221; column_direction_phone=&#8221;default&#8221; scene_position=&#8221;center&#8221; text_color=&#8221;dark&#8221; text_align=&#8221;left&#8221; row_border_radius=&#8221;none&#8221; row_border_radius_applies=&#8221;bg&#8221; overflow=&#8221;visible&#8221; overlay_strength=&#8221;0.3&#8243; gradient_direction=&#8221;left_to_right&#8221; shape_divider_position=&#8221;bottom&#8221; bg_image_animation=&#8221;none&#8221;][vc_column column_padding=&#8221;no-extra-padding&#8221; column_padding_tablet=&#8221;inherit&#8221; column_padding_phone=&#8221;inherit&#8221; column_padding_position=&#8221;all&#8221; column_element_direction_desktop=&#8221;default&#8221; column_element_spacing=&#8221;default&#8221; desktop_text_alignment=&#8221;default&#8221; tablet_text_alignment=&#8221;default&#8221; phone_text_alignment=&#8221;default&#8221; background_color_opacity=&#8221;1&#8243; background_hover_color_opacity=&#8221;1&#8243; column_backdrop_filter=&#8221;none&#8221; column_shadow=&#8221;none&#8221;&#8230;<\/p>\n","protected":false},"author":2,"featured_media":0,"parent":4588,"menu_order":18,"comment_status":"open","ping_status":"closed","template":"","meta":{"footnotes":""},"class_list":["post-4619","page","type-page","status-publish"],"_links":{"self":[{"href":"https:\/\/www.pardell.it\/it\/wp-json\/wp\/v2\/pages\/4619","targetHints":{"allow":["GET"]}}],"collection":[{"href":"https:\/\/www.pardell.it\/it\/wp-json\/wp\/v2\/pages"}],"about":[{"href":"https:\/\/www.pardell.it\/it\/wp-json\/wp\/v2\/types\/page"}],"author":[{"embeddable":true,"href":"https:\/\/www.pardell.it\/it\/wp-json\/wp\/v2\/users\/2"}],"replies":[{"embeddable":true,"href":"https:\/\/www.pardell.it\/it\/wp-json\/wp\/v2\/comments?post=4619"}],"version-history":[{"count":1,"href":"https:\/\/www.pardell.it\/it\/wp-json\/wp\/v2\/pages\/4619\/revisions"}],"predecessor-version":[{"id":6856,"href":"https:\/\/www.pardell.it\/it\/wp-json\/wp\/v2\/pages\/4619\/revisions\/6856"}],"up":[{"embeddable":true,"href":"https:\/\/www.pardell.it\/it\/wp-json\/wp\/v2\/pages\/4588"}],"wp:attachment":[{"href":"https:\/\/www.pardell.it\/it\/wp-json\/wp\/v2\/media?parent=4619"}],"curies":[{"name":"wp","href":"https:\/\/api.w.org\/{rel}","templated":true}]}}