{"id":4611,"date":"2013-12-09T00:05:09","date_gmt":"2013-12-09T00:05:09","guid":{"rendered":"https:\/\/www.pardell.it\/tschars-umgebung\/schloss-kastelbell\/"},"modified":"2019-02-05T11:33:10","modified_gmt":"2019-02-05T10:33:10","slug":"castello-di-castelbello","status":"publish","type":"page","link":"https:\/\/www.pardell.it\/it\/ciardes-e-dintorni\/castello-di-castelbello\/","title":{"rendered":"Castello di Castelbello"},"content":{"rendered":"[vc_row type=&#8221;in_container&#8221; full_screen_row_position=&#8221;middle&#8221; scene_position=&#8221;center&#8221; text_color=&#8221;dark&#8221; text_align=&#8221;left&#8221; overlay_strength=&#8221;0.3&#8243; shape_divider_position=&#8221;bottom&#8221;][vc_column column_padding=&#8221;no-extra-padding&#8221; column_padding_position=&#8221;all&#8221; background_color_opacity=&#8221;1&#8243; background_hover_color_opacity=&#8221;1&#8243; column_shadow=&#8221;none&#8221; column_border_radius=&#8221;none&#8221; width=&#8221;1\/1&#8243; tablet_text_alignment=&#8221;default&#8221; phone_text_alignment=&#8221;default&#8221; column_border_width=&#8221;none&#8221; column_border_style=&#8221;solid&#8221;][vc_column_text][divider line_type=&#8221;No Line&#8221; custom_height=&#8221;50&#8243;]\n<h1>Maestosamente sulla possente rocca<\/h1>\n<div id=\"post\" class=\"page\">\n[divider line_type=&#8221;No Line&#8221; custom_height=&#8221;30&#8243;]\n<p>Il castello di Castelbello si erge maestosamente sulla possente rocca all\u2018ingresso occidentale del paese di Castelbello. Fu costruito nel 1238 dai signori di Montalban e cambi\u00f3 spesso proprietari. Nel 1999 la direzione \u00e8 passata al Curatorio del castello di Castelbello.<\/p>\n<p><strong>Da vedere:<\/strong><br \/>\nla cappella del castello con i suoi affreschi degli inizi del XIV e della met\u00e0 del XVI secolo che nel 2001 \u00e8 stata completamente restaurata. La cosiddetta vecchia cucina, le appena restaurante sale nel palazzo ed il cortile interno, nonch\u00e9 la mostra permanente \u201eVia Claudia Augusta\u201c una via romana attraverso la Val Venosta. Ogni anno tra Pasqua e Pentecoste e in ottobre sono organizzate interessanti esposizioni d\u2018arte.<\/p>\n<p><strong>Visite giudate:<\/strong><br \/>\nda met\u00e0 giugno fino alla fine di settembre, sempre al pomeriggio. Luned\u00ec e marted\u00ec il castello rimane chiuso.<\/p>\n<\/div>\n[\/vc_column_text][\/vc_column][\/vc_row]","protected":false},"excerpt":{"rendered":"<p>[vc_row type=&#8221;in_container&#8221; full_screen_row_position=&#8221;middle&#8221; scene_position=&#8221;center&#8221; text_color=&#8221;dark&#8221; text_align=&#8221;left&#8221; overlay_strength=&#8221;0.3&#8243; shape_divider_position=&#8221;bottom&#8221;][vc_column column_padding=&#8221;no-extra-padding&#8221; column_padding_position=&#8221;all&#8221; background_color_opacity=&#8221;1&#8243; background_hover_color_opacity=&#8221;1&#8243; column_shadow=&#8221;none&#8221; column_border_radius=&#8221;none&#8221; width=&#8221;1\/1&#8243; tablet_text_alignment=&#8221;default&#8221; phone_text_alignment=&#8221;default&#8221; column_border_width=&#8221;none&#8221; column_border_style=&#8221;solid&#8221;][vc_column_text][divider line_type=&#8221;No Line&#8221; custom_height=&#8221;50&#8243;] Maestosamente sulla possente rocca [divider line_type=&#8221;No Line&#8221; custom_height=&#8221;30&#8243;]&#8230;<\/p>\n","protected":false},"author":2,"featured_media":0,"parent":4588,"menu_order":17,"comment_status":"open","ping_status":"closed","template":"","meta":{"footnotes":""},"class_list":["post-4611","page","type-page","status-publish"],"_links":{"self":[{"href":"https:\/\/www.pardell.it\/it\/wp-json\/wp\/v2\/pages\/4611","targetHints":{"allow":["GET"]}}],"collection":[{"href":"https:\/\/www.pardell.it\/it\/wp-json\/wp\/v2\/pages"}],"about":[{"href":"https:\/\/www.pardell.it\/it\/wp-json\/wp\/v2\/types\/page"}],"author":[{"embeddable":true,"href":"https:\/\/www.pardell.it\/it\/wp-json\/wp\/v2\/users\/2"}],"replies":[{"embeddable":true,"href":"https:\/\/www.pardell.it\/it\/wp-json\/wp\/v2\/comments?post=4611"}],"version-history":[{"count":0,"href":"https:\/\/www.pardell.it\/it\/wp-json\/wp\/v2\/pages\/4611\/revisions"}],"up":[{"embeddable":true,"href":"https:\/\/www.pardell.it\/it\/wp-json\/wp\/v2\/pages\/4588"}],"wp:attachment":[{"href":"https:\/\/www.pardell.it\/it\/wp-json\/wp\/v2\/media?parent=4611"}],"curies":[{"name":"wp","href":"https:\/\/api.w.org\/{rel}","templated":true}]}}