{"id":4602,"date":"2014-04-03T18:15:03","date_gmt":"2014-04-03T18:15:03","guid":{"rendered":"https:\/\/www.pardell.it\/tschars-umgebung\/tschars-kastelbell\/"},"modified":"2019-02-05T11:32:28","modified_gmt":"2019-02-05T10:32:28","slug":"ciardes-castelbello","status":"publish","type":"page","link":"https:\/\/www.pardell.it\/it\/ciardes-e-dintorni\/ciardes-castelbello\/","title":{"rendered":"Ciardes \u2013 Castelbello"},"content":{"rendered":"[vc_row type=&#8221;in_container&#8221; full_screen_row_position=&#8221;middle&#8221; scene_position=&#8221;center&#8221; text_color=&#8221;dark&#8221; text_align=&#8221;left&#8221; overlay_strength=&#8221;0.3&#8243; shape_divider_position=&#8221;bottom&#8221;][vc_column column_padding=&#8221;no-extra-padding&#8221; column_padding_position=&#8221;all&#8221; background_color_opacity=&#8221;1&#8243; background_hover_color_opacity=&#8221;1&#8243; column_shadow=&#8221;none&#8221; column_border_radius=&#8221;none&#8221; width=&#8221;1\/1&#8243; tablet_text_alignment=&#8221;default&#8221; phone_text_alignment=&#8221;default&#8221; column_border_width=&#8221;none&#8221; column_border_style=&#8221;solid&#8221;][vc_column_text][divider line_type=&#8221;No Line&#8221; custom_height=&#8221;50&#8243;]\n<h1>Piccolo paese Ciardes<\/h1>\n<h2>circondato da frutteti di mele e vigneti<\/h2>\n[divider line_type=&#8221;No Line&#8221; custom_height=&#8221;30&#8243;]\n<div id=\"post\" class=\"page\">\n<p>Il nostro piccolo paese Ciardes con circa 1000 abitanti si trova su una piccola collina a un altitudine di ca. 600-700 m e fa parte del comune di Castelbello-Ciardes. Castelbello-Ciardes si trova nella parte bassa della Val Venosta vicino a Naturno (distante 5 minuti di auto) e Laces (10 minuti) e 20 km da Merano (ca. 25 minuti) ed \u00e9 caratterizzato dalle marcate diversit\u00e0 fra il boscoso Monte Tramontana con le sue malghe e laghetti alpini, e l\u2019arido Monte Sole con i suoi sentieri dell\u00b4acqua. Nel piccolo centro di Ciardes trovate la chiesa di San Martino che all\u2019interno \u00e9 stata rinnovata nello stile barocco (il campanile a bulbo \u00e9 di origine romano, si nota gi\u00e0 da lontano). Il paese \u00e9 circondato da frutteti di mele e vigneti. Sopra il paese, sul Monte Sole, si trovano i vecchi canali d\u2019irrigazione, che vi offrono ottime possibilit\u00e0 per effettuare passeggiate vicino all\u00b4acqua fino al Castel Juval di Reinhold Messner o fino al paese di Castelbello con il suo Castello di Castelbello. Nel fondo valle, in mezzo agli alberi di mele si trova la famosa \u201cVia Claudia Augusta\u201d, dove potete fare bellissimi giri in bici. Tutto questo lo potrete ammirare gi\u00e0 dal vostro balcone! La nostra casa \u00e9 un ideale punto di partenza per molte comode passeggiate, escursioni ed attivit\u00e0 sportive. Inoltre a Ciardes troverete tre ristoranti, una pizzeria,\u00a0un piccolo negozio alimentare e una banca. A piedi potete raggiungere in 10 minuti anche la stazione del famoso treno della Val Venosta (per Merano o Malles) e anche la stazione degli autobus.<\/p>\n<h3>Piantina<\/h3>\n<p><a class=\"slide__title\" title=\"Lageplan der Ferienregion Kastelbell - Tschars\" href=\"https:\/\/www.venosta.net\/media\/395d5e16-ffa5-4d4b-8bc8-9562807558e5\/downloads-lageplan-der-ferienregion-kastelbell-tschars.pdf\" target=\"_blank\" rel=\"noopener\"><strong>Piantina di Castelbello &#8211; Ciardes<\/strong><\/a><\/p>\n<\/div>\n[\/vc_column_text][\/vc_column][\/vc_row]","protected":false},"excerpt":{"rendered":"<p>[vc_row type=&#8221;in_container&#8221; full_screen_row_position=&#8221;middle&#8221; scene_position=&#8221;center&#8221; text_color=&#8221;dark&#8221; text_align=&#8221;left&#8221; overlay_strength=&#8221;0.3&#8243; shape_divider_position=&#8221;bottom&#8221;][vc_column column_padding=&#8221;no-extra-padding&#8221; column_padding_position=&#8221;all&#8221; background_color_opacity=&#8221;1&#8243; background_hover_color_opacity=&#8221;1&#8243; column_shadow=&#8221;none&#8221; column_border_radius=&#8221;none&#8221; width=&#8221;1\/1&#8243; tablet_text_alignment=&#8221;default&#8221; phone_text_alignment=&#8221;default&#8221; column_border_width=&#8221;none&#8221; column_border_style=&#8221;solid&#8221;][vc_column_text][divider line_type=&#8221;No Line&#8221; custom_height=&#8221;50&#8243;] Piccolo paese Ciardes circondato da frutteti di mele&#8230;<\/p>\n","protected":false},"author":2,"featured_media":0,"parent":4588,"menu_order":16,"comment_status":"open","ping_status":"closed","template":"","meta":{"footnotes":""},"class_list":["post-4602","page","type-page","status-publish"],"_links":{"self":[{"href":"https:\/\/www.pardell.it\/it\/wp-json\/wp\/v2\/pages\/4602","targetHints":{"allow":["GET"]}}],"collection":[{"href":"https:\/\/www.pardell.it\/it\/wp-json\/wp\/v2\/pages"}],"about":[{"href":"https:\/\/www.pardell.it\/it\/wp-json\/wp\/v2\/types\/page"}],"author":[{"embeddable":true,"href":"https:\/\/www.pardell.it\/it\/wp-json\/wp\/v2\/users\/2"}],"replies":[{"embeddable":true,"href":"https:\/\/www.pardell.it\/it\/wp-json\/wp\/v2\/comments?post=4602"}],"version-history":[{"count":0,"href":"https:\/\/www.pardell.it\/it\/wp-json\/wp\/v2\/pages\/4602\/revisions"}],"up":[{"embeddable":true,"href":"https:\/\/www.pardell.it\/it\/wp-json\/wp\/v2\/pages\/4588"}],"wp:attachment":[{"href":"https:\/\/www.pardell.it\/it\/wp-json\/wp\/v2\/media?parent=4602"}],"curies":[{"name":"wp","href":"https:\/\/api.w.org\/{rel}","templated":true}]}}