{"id":4689,"date":"2018-05-03T12:48:14","date_gmt":"2018-05-03T10:48:14","guid":{"rendered":"https:\/\/www.pardell.it\/tschars-umgebung\/die-vinschger-bahn\/"},"modified":"2019-02-05T14:01:53","modified_gmt":"2019-02-05T13:01:53","slug":"the-vinschger-train","status":"publish","type":"page","link":"https:\/\/www.pardell.it\/en\/tschars-and-more\/the-vinschger-train\/","title":{"rendered":"The Vinschger Train"},"content":{"rendered":"[vc_row type=&#8221;in_container&#8221; full_screen_row_position=&#8221;middle&#8221; scene_position=&#8221;center&#8221; text_color=&#8221;dark&#8221; text_align=&#8221;left&#8221; overlay_strength=&#8221;0.3&#8243; shape_divider_position=&#8221;bottom&#8221; bg_image_animation=&#8221;none&#8221;][vc_column column_padding=&#8221;no-extra-padding&#8221; column_padding_position=&#8221;all&#8221; background_color_opacity=&#8221;1&#8243; background_hover_color_opacity=&#8221;1&#8243; column_link_target=&#8221;_self&#8221; column_shadow=&#8221;none&#8221; column_border_radius=&#8221;none&#8221; width=&#8221;1\/1&#8243; tablet_width_inherit=&#8221;default&#8221; tablet_text_alignment=&#8221;default&#8221; phone_text_alignment=&#8221;default&#8221; column_border_width=&#8221;none&#8221; column_border_style=&#8221;solid&#8221; bg_image_animation=&#8221;none&#8221;][vc_column_text][divider line_type=&#8221;No Line&#8221; custom_height=&#8221;50&#8243;]\n<h1>Meran to Mals<\/h1>\n[divider line_type=&#8221;No Line&#8221; custom_height=&#8221;30&#8243;]\n<p>Since 2005 the railway Meran to Mals is running with modernst technology. The train station is just 10 minutes away from your guesthouse. Enjoy wonderful views during your trip through fruit orchards and fields and be astonished by the unique cultural landscape.<br \/>\n<a title=\"Die Vinschger Bahn\" href=\"http:\/\/www.vinschgauerbahn.it\/\" target=\"_blank\" rel=\"noopener\">www.vinschgauerbahn.it<\/a><\/p>\n<p>Furthermore you can use also the public bus which runs from Merano to the above Vinschgau (bus stop Tschars just 10 minutes from your guesthouse), or into the side valleys Schnals or Martell to discover the beautiful surroundings.<\/p>\n<p>Venosta Valley Card is inclusive!\u00a0<a href=\"https:\/\/www.vinschgau.net\/en\/service-info\/advantage-cards\/venosta-valley-card.html\">www.vinschgaucard.net<\/a><\/p>\n<p>Current timetables of all public transport of South Tyrol you find on:\u00a0<a title=\"Fahrpl\u00e4ne \u00f6ffentlicher Verkehrsmittel S\u00fcdtirols\" href=\"http:\/\/www.sii.bz.it\/en\" target=\"_blank\" rel=\"noopener\">www.sii.bz.it<\/a>[\/vc_column_text][\/vc_column][\/vc_row]","protected":false},"excerpt":{"rendered":"<p>[vc_row type=&#8221;in_container&#8221; full_screen_row_position=&#8221;middle&#8221; scene_position=&#8221;center&#8221; text_color=&#8221;dark&#8221; text_align=&#8221;left&#8221; overlay_strength=&#8221;0.3&#8243; shape_divider_position=&#8221;bottom&#8221; bg_image_animation=&#8221;none&#8221;][vc_column column_padding=&#8221;no-extra-padding&#8221; column_padding_position=&#8221;all&#8221; background_color_opacity=&#8221;1&#8243; background_hover_color_opacity=&#8221;1&#8243; column_link_target=&#8221;_self&#8221; column_shadow=&#8221;none&#8221; column_border_radius=&#8221;none&#8221; width=&#8221;1\/1&#8243; tablet_width_inherit=&#8221;default&#8221; tablet_text_alignment=&#8221;default&#8221; phone_text_alignment=&#8221;default&#8221; column_border_width=&#8221;none&#8221; column_border_style=&#8221;solid&#8221; bg_image_animation=&#8221;none&#8221;][vc_column_text][divider line_type=&#8221;No Line&#8221; custom_height=&#8221;50&#8243;] Meran to Mals [divider&#8230;<\/p>\n","protected":false},"author":2,"featured_media":0,"parent":4596,"menu_order":23,"comment_status":"closed","ping_status":"closed","template":"","meta":{"footnotes":""},"class_list":["post-4689","page","type-page","status-publish"],"_links":{"self":[{"href":"https:\/\/www.pardell.it\/en\/wp-json\/wp\/v2\/pages\/4689","targetHints":{"allow":["GET"]}}],"collection":[{"href":"https:\/\/www.pardell.it\/en\/wp-json\/wp\/v2\/pages"}],"about":[{"href":"https:\/\/www.pardell.it\/en\/wp-json\/wp\/v2\/types\/page"}],"author":[{"embeddable":true,"href":"https:\/\/www.pardell.it\/en\/wp-json\/wp\/v2\/users\/2"}],"replies":[{"embeddable":true,"href":"https:\/\/www.pardell.it\/en\/wp-json\/wp\/v2\/comments?post=4689"}],"version-history":[{"count":0,"href":"https:\/\/www.pardell.it\/en\/wp-json\/wp\/v2\/pages\/4689\/revisions"}],"up":[{"embeddable":true,"href":"https:\/\/www.pardell.it\/en\/wp-json\/wp\/v2\/pages\/4596"}],"wp:attachment":[{"href":"https:\/\/www.pardell.it\/en\/wp-json\/wp\/v2\/media?parent=4689"}],"curies":[{"name":"wp","href":"https:\/\/api.w.org\/{rel}","templated":true}]}}